{"id":14333,"date":"2024-09-25T15:36:56","date_gmt":"2024-09-25T13:36:56","guid":{"rendered":"https:\/\/pgautomation.eu\/whistleblowing\/"},"modified":"2026-04-07T15:00:55","modified_gmt":"2026-04-07T13:00:55","slug":"whistleblowing","status":"publish","type":"page","link":"https:\/\/pgautomation.eu\/de\/whistleblowing\/","title":{"rendered":"Whistleblowing"},"content":{"rendered":"[vc_row type=&#8220;full_width_content&#8220; full_screen_row_position=&#8220;middle&#8220; column_margin=&#8220;default&#8220; column_direction=&#8220;default&#8220; column_direction_tablet=&#8220;default&#8220; column_direction_phone=&#8220;default&#8220; bg_color=&#8220;#ffffff&#8220; scene_position=&#8220;center&#8220; text_color=&#8220;dark&#8220; text_align=&#8220;left&#8220; row_border_radius=&#8220;none&#8220; row_border_radius_applies=&#8220;bg&#8220; overflow=&#8220;visible&#8220; overlay_strength=&#8220;0.3&#8243; gradient_direction=&#8220;left_to_right&#8220; shape_divider_position=&#8220;bottom&#8220; bg_image_animation=&#8220;none&#8220; shape_type=&#8220;&#8220;][vc_column column_padding=&#8220;no-extra-padding&#8220; column_padding_tablet=&#8220;inherit&#8220; column_padding_phone=&#8220;inherit&#8220; column_padding_position=&#8220;all&#8220; column_element_direction_desktop=&#8220;default&#8220; column_element_spacing=&#8220;0px&#8220; desktop_text_alignment=&#8220;default&#8220; tablet_text_alignment=&#8220;default&#8220; phone_text_alignment=&#8220;default&#8220; background_color_opacity=&#8220;1&#8243; background_hover_color_opacity=&#8220;1&#8243; column_backdrop_filter=&#8220;none&#8220; column_shadow=&#8220;none&#8220; column_border_radius=&#8220;none&#8220; column_link_target=&#8220;_self&#8220; column_position=&#8220;default&#8220; gradient_direction=&#8220;left_to_right&#8220; overlay_strength=&#8220;0.3&#8243; width=&#8220;1\/1&#8243; tablet_width_inherit=&#8220;default&#8220; animation_type=&#8220;default&#8220; bg_image_animation=&#8220;none&#8220; border_type=&#8220;advanced&#8220; border_bottom_desktop=&#8220;1&#8243; column_border_color=&#8220;#919ec6&#8243; column_border_style=&#8220;solid&#8220;][vc_row_inner equal_height=&#8220;yes&#8220; content_placement=&#8220;middle&#8220; column_margin=&#8220;none&#8220; column_direction=&#8220;default&#8220; column_direction_tablet=&#8220;default&#8220; column_direction_phone=&#8220;default&#8220; text_align=&#8220;left&#8220; row_position=&#8220;default&#8220; row_position_tablet=&#8220;inherit&#8220; row_position_phone=&#8220;inherit&#8220; overflow=&#8220;visible&#8220; pointer_events=&#8220;all&#8220;][vc_column_inner column_padding=&#8220;padding-5-percent&#8220; column_padding_tablet=&#8220;inherit&#8220; column_padding_phone=&#8220;inherit&#8220; column_padding_position=&#8220;all&#8220; column_element_direction_desktop=&#8220;default&#8220; column_element_spacing=&#8220;default&#8220; desktop_text_alignment=&#8220;default&#8220; tablet_text_alignment=&#8220;default&#8220; phone_text_alignment=&#8220;default&#8220; background_color_opacity=&#8220;1&#8243; background_hover_color_opacity=&#8220;1&#8243; column_backdrop_filter=&#8220;none&#8220; column_shadow=&#8220;none&#8220; column_border_radius=&#8220;none&#8220; column_link_target=&#8220;_self&#8220; overflow=&#8220;visible&#8220; gradient_direction=&#8220;left_to_right&#8220; overlay_strength=&#8220;0.3&#8243; width=&#8220;1\/2&#8243; tablet_width_inherit=&#8220;default&#8220; animation_type=&#8220;default&#8220; enable_animation=&#8220;true&#8220; animation=&#8220;fade-in&#8220; animation_easing=&#8220;default&#8220; bg_image_animation=&#8220;none&#8220; border_type=&#8220;advanced&#8220; border_bottom_desktop=&#8220;1&#8243; column_border_color=&#8220;#919ec6&#8243; column_border_style=&#8220;solid&#8220; offset=&#8220;vc_col-xs-7&#8243;][nectar_highlighted_text color_type=&#8220;regular&#8220; highlight_color=&#8220;#e50004&#8243; text_color=&#8220;#000000&#8243; style=&#8220;full_text&#8220; highlight_expansion=&#8220;default&#8220; custom_font_size=&#8220;4vw&#8220; text_direction=&#8220;default&#8220;]\n<h2><em>Whistleblowing<\/em>-Verfahren<\/h2>\n[\/nectar_highlighted_text][\/vc_column_inner][vc_column_inner column_padding=&#8220;padding-5-percent&#8220; column_padding_tablet=&#8220;inherit&#8220; column_padding_phone=&#8220;inherit&#8220; column_padding_position=&#8220;right&#8220; column_element_direction_desktop=&#8220;default&#8220; column_element_spacing=&#8220;default&#8220; desktop_text_alignment=&#8220;default&#8220; tablet_text_alignment=&#8220;default&#8220; phone_text_alignment=&#8220;default&#8220; background_color_opacity=&#8220;1&#8243; background_hover_color_opacity=&#8220;1&#8243; column_backdrop_filter=&#8220;none&#8220; column_shadow=&#8220;none&#8220; column_border_radius=&#8220;none&#8220; column_link_target=&#8220;_self&#8220; overflow=&#8220;visible&#8220; gradient_direction=&#8220;left_to_right&#8220; overlay_strength=&#8220;0.3&#8243; width=&#8220;1\/2&#8243; tablet_width_inherit=&#8220;default&#8220; animation_type=&#8220;default&#8220; enable_animation=&#8220;true&#8220; animation=&#8220;fade-in&#8220; animation_easing=&#8220;default&#8220; bg_image_animation=&#8220;none&#8220; border_type=&#8220;advanced&#8220; border_bottom_desktop=&#8220;1&#8243; column_border_color=&#8220;#919ec6&#8243; column_border_style=&#8220;solid&#8220; offset=&#8220;vc_col-xs-5&#8243;][\/vc_column_inner][\/vc_row_inner][vc_row_inner equal_height=&#8220;yes&#8220; column_margin=&#8220;none&#8220; column_direction=&#8220;default&#8220; column_direction_tablet=&#8220;default&#8220; column_direction_phone=&#8220;default&#8220; text_align=&#8220;left&#8220; row_position=&#8220;default&#8220; row_position_tablet=&#8220;inherit&#8220; row_position_phone=&#8220;inherit&#8220; overflow=&#8220;visible&#8220; pointer_events=&#8220;all&#8220;][vc_column_inner column_padding=&#8220;padding-5-percent&#8220; column_padding_tablet=&#8220;inherit&#8220; column_padding_phone=&#8220;inherit&#8220; column_padding_position=&#8220;all&#8220; column_element_direction_desktop=&#8220;default&#8220; column_element_spacing=&#8220;default&#8220; desktop_text_alignment=&#8220;default&#8220; tablet_text_alignment=&#8220;default&#8220; phone_text_alignment=&#8220;default&#8220; background_color_opacity=&#8220;1&#8243; background_hover_color_opacity=&#8220;1&#8243; column_backdrop_filter=&#8220;none&#8220; column_shadow=&#8220;none&#8220; column_border_radius=&#8220;none&#8220; column_link_target=&#8220;_self&#8220; overflow=&#8220;visible&#8220; gradient_direction=&#8220;left_to_right&#8220; overlay_strength=&#8220;0.3&#8243; width=&#8220;1\/1&#8243; tablet_width_inherit=&#8220;default&#8220; animation_type=&#8220;default&#8220; enable_animation=&#8220;true&#8220; animation=&#8220;fade-in&#8220; animation_easing=&#8220;default&#8220; bg_image_animation=&#8220;none&#8220; border_type=&#8220;simple&#8220; column_border_width=&#8220;none&#8220; column_border_style=&#8220;solid&#8220;][vc_column_text css=&#8220;.vc_custom_1727335687194{margin-bottom: 30px !important;}&#8220; text_direction=&#8220;default&#8220;]\n<p style=\"font-weight: 400;\">Die Gesellschaft Project Group S.r.l. hat in vollem Einklang mit den Werten, die sie seit jeher auszeichnen, beschlossen, sich den gesetzlichen Bestimmungen des Gesetzesdekrets Nr. 24\/2023 anzupassen, in Verbindung mit dem Gesetzesdekret Nr. 231\/2001 und der EU-Richtlinie 2019\/1937, um so eine transparente Unternehmenskultur zu f\u00f6rdern, die auf Ethik, Korrektheit und Integrit\u00e4t ausgerichtet ist. Project Group S.r.l. ermutigt seine Stakeholder \u2013 also gesetzliche Vertreter, Gesch\u00e4ftsf\u00fchrer, leitende Angestellte und Mitarbeiter sowie alle sonstigen Dritten, die mit dem Unternehmen interagieren \u2013, jegliche Verst\u00f6\u00dfe gegen nationales und internationales Recht, die in den Anwendungsbereich des Whistleblowings fallen und ihnen im Arbeitsumfeld bekannt werden, zu melden. Das Unternehmen hat zwei verschiedene Meldekan\u00e4le eingerichtet: eine dedizierte Telefonleitung und eine fortschrittliche Webplattform, die von jedem Ger\u00e4t aus genutzt werden kann, auch anonym und mit der M\u00f6glichkeit, eine andere Sprache als Italienisch zu w\u00e4hlen; sie ist von den IT-Systemen des Unternehmens getrennt, da sie auf einem unabh\u00e4ngigen Server gehostet wird, und erm\u00f6glicht es, Meldungen auf streng vertrauliche und einfache Weise abzugeben, wobei hohe Sicherheits- und Datenschutzstandards f\u00fcr Meldenden und Gemeldeten gew\u00e4hrleistet werden.<\/p>\n[\/vc_column_text][vc_column_text css=&#8220;&#8220; text_direction=&#8220;default&#8220;]<a href=\"https:\/\/pgautomation.eu\/wp-content\/uploads\/2024\/09\/Informativa-whistleblowing.pdf\" target=\"_blank\" rel=\"noopener\">Whistleblowing-Datenschutzinformation<\/a>[\/vc_column_text][vc_column_text css=&#8220;&#8220; text_direction=&#8220;default&#8220;]<a href=\"https:\/\/pgautomation.eu\/wp-content\/uploads\/2024\/09\/Procedura-whistleblowing.pdf\" target=\"_blank\" rel=\"noopener\">Whistleblowing-Verfahren<\/a>[\/vc_column_text][nectar_btn size=&#8220;large&#8220; open_new_tab=&#8220;true&#8220; button_style=&#8220;regular&#8220; button_color_2=&#8220;Extra-Color-1&#8243; icon_family=&#8220;none&#8220; text=&#8220;Whistleblowing-Meldungen&#8220; url=&#8220;https:\/\/wb.01privacy.it\/#\/submission?context=01f3d6f1-5284-49a2-8002-ad92c51063a8&#8243;][\/vc_column_inner][\/vc_row_inner][\/vc_column][\/vc_row]\n","protected":false},"excerpt":{"rendered":"<p>[vc_row type=&#8220;full_width_content&#8220; full_screen_row_position=&#8220;middle&#8220; column_margin=&#8220;default&#8220; column_direction=&#8220;default&#8220; column_direction_tablet=&#8220;default&#8220; column_direction_phone=&#8220;default&#8220; bg_color=&#8220;#ffffff&#8220; scene_position=&#8220;center&#8220; text_color=&#8220;dark&#8220; text_align=&#8220;left&#8220; row_border_radius=&#8220;none&#8220; row_border_radius_applies=&#8220;bg&#8220; overflow=&#8220;visible&#8220; overlay_strength=&#8220;0.3&#8243; gradient_direction=&#8220;left_to_right&#8220; shape_divider_position=&#8220;bottom&#8220; bg_image_animation=&#8220;none&#8220; shape_type=&#8220;&#8220;][vc_column column_padding=&#8220;no-extra-padding&#8220; column_padding_tablet=&#8220;inherit&#8220; column_padding_phone=&#8220;inherit&#8220; column_padding_position=&#8220;all&#8220; column_element_direction_desktop=&#8220;default&#8220; column_element_spacing=&#8220;0px&#8220;&#8230;<\/p>\n","protected":false},"author":1,"featured_media":0,"parent":0,"menu_order":0,"comment_status":"closed","ping_status":"closed","template":"","meta":{"footnotes":""},"class_list":["post-14333","page","type-page","status-publish"],"yoast_head":"<!-- This site is optimized with the Yoast SEO plugin v27.3 - https:\/\/yoast.com\/product\/yoast-seo-wordpress\/ -->\n<title>Whistleblowing - Project Group Automation<\/title>\n<meta name=\"robots\" content=\"index, follow, max-snippet:-1, max-image-preview:large, max-video-preview:-1\" \/>\n<link rel=\"canonical\" href=\"https:\/\/pgautomation.eu\/whistleblowing\/\" \/>\n<meta property=\"og:locale\" content=\"de_DE\" \/>\n<meta property=\"og:type\" content=\"article\" \/>\n<meta property=\"og:title\" content=\"Whistleblowing - Project Group Automation\" \/>\n<meta property=\"og:description\" content=\"[vc_row type=&#8220;full_width_content&#8220; full_screen_row_position=&#8220;middle&#8220; column_margin=&#8220;default&#8220; column_direction=&#8220;default&#8220; column_direction_tablet=&#8220;default&#8220; column_direction_phone=&#8220;default&#8220; bg_color=&#8220;#ffffff&#8220; scene_position=&#8220;center&#8220; text_color=&#8220;dark&#8220; text_align=&#8220;left&#8220; row_border_radius=&#8220;none&#8220; row_border_radius_applies=&#8220;bg&#8220; overflow=&#8220;visible&#8220; overlay_strength=&#8220;0.3&#8243; gradient_direction=&#8220;left_to_right&#8220; shape_divider_position=&#8220;bottom&#8220; bg_image_animation=&#8220;none&#8220; shape_type=&#8220;&#8220;][vc_column column_padding=&#8220;no-extra-padding&#8220; column_padding_tablet=&#8220;inherit&#8220; column_padding_phone=&#8220;inherit&#8220; column_padding_position=&#8220;all&#8220; column_element_direction_desktop=&#8220;default&#8220; column_element_spacing=&#8220;0px&#8220;...\" \/>\n<meta property=\"og:url\" content=\"https:\/\/pgautomation.eu\/whistleblowing\/\" \/>\n<meta property=\"og:site_name\" content=\"Project Group - Fotovoltaikanlagen, Industrieautomation, Robotik und Service\" \/>\n<meta property=\"article:publisher\" content=\"https:\/\/www.facebook.com\/project.group.eu?ref=hl\" \/>\n<meta property=\"article:modified_time\" content=\"2026-04-07T13:00:55+00:00\" \/>\n<meta property=\"og:image\" content=\"https:\/\/pgautomation.eu\/wp-content\/uploads\/2021\/08\/project-group-home.jpg\" \/>\n\t<meta property=\"og:image:width\" content=\"720\" \/>\n\t<meta property=\"og:image:height\" content=\"735\" \/>\n\t<meta property=\"og:image:type\" content=\"image\/jpeg\" \/>\n<meta name=\"twitter:card\" content=\"summary_large_image\" \/>\n<meta name=\"twitter:label1\" content=\"Gesch\u00e4tzte Lesezeit\" \/>\n\t<meta name=\"twitter:data1\" content=\"4\u00a0Minuten\" \/>\n<script type=\"application\/ld+json\" class=\"yoast-schema-graph\">{\"@context\":\"https:\\\/\\\/schema.org\",\"@graph\":[{\"@type\":\"WebPage\",\"@id\":\"https:\\\/\\\/pgautomation.eu\\\/whistleblowing\\\/\",\"url\":\"https:\\\/\\\/pgautomation.eu\\\/whistleblowing\\\/\",\"name\":\"Whistleblowing - Project Group Automation\",\"isPartOf\":{\"@id\":\"https:\\\/\\\/pgautomation.eu\\\/#website\"},\"datePublished\":\"2024-09-25T13:36:56+00:00\",\"dateModified\":\"2026-04-07T13:00:55+00:00\",\"breadcrumb\":{\"@id\":\"https:\\\/\\\/pgautomation.eu\\\/whistleblowing\\\/#breadcrumb\"},\"inLanguage\":\"de\",\"potentialAction\":[{\"@type\":\"ReadAction\",\"target\":[\"https:\\\/\\\/pgautomation.eu\\\/whistleblowing\\\/\"]}]},{\"@type\":\"BreadcrumbList\",\"@id\":\"https:\\\/\\\/pgautomation.eu\\\/whistleblowing\\\/#breadcrumb\",\"itemListElement\":[{\"@type\":\"ListItem\",\"position\":1,\"name\":\"Home\",\"item\":\"https:\\\/\\\/pgautomation.eu\\\/de\\\/\"},{\"@type\":\"ListItem\",\"position\":2,\"name\":\"Whistleblowing\"}]},{\"@type\":\"WebSite\",\"@id\":\"https:\\\/\\\/pgautomation.eu\\\/#website\",\"url\":\"https:\\\/\\\/pgautomation.eu\\\/\",\"name\":\"Project Group Automation - Automazione industriale, Robotica e Service\",\"description\":\"\",\"publisher\":{\"@id\":\"https:\\\/\\\/pgautomation.eu\\\/#organization\"},\"potentialAction\":[{\"@type\":\"SearchAction\",\"target\":{\"@type\":\"EntryPoint\",\"urlTemplate\":\"https:\\\/\\\/pgautomation.eu\\\/?s={search_term_string}\"},\"query-input\":{\"@type\":\"PropertyValueSpecification\",\"valueRequired\":true,\"valueName\":\"search_term_string\"}}],\"inLanguage\":\"de\"},{\"@type\":\"Organization\",\"@id\":\"https:\\\/\\\/pgautomation.eu\\\/#organization\",\"name\":\"Project Group Automation - Automazione industriale, Robotica e Service\",\"url\":\"https:\\\/\\\/pgautomation.eu\\\/\",\"logo\":{\"@type\":\"ImageObject\",\"inLanguage\":\"de\",\"@id\":\"https:\\\/\\\/pgautomation.eu\\\/#\\\/schema\\\/logo\\\/image\\\/\",\"url\":\"https:\\\/\\\/pgautomation.eu\\\/wp-content\\\/uploads\\\/2026\\\/01\\\/project-group-automation.webp\",\"contentUrl\":\"https:\\\/\\\/pgautomation.eu\\\/wp-content\\\/uploads\\\/2026\\\/01\\\/project-group-automation.webp\",\"width\":313,\"height\":85,\"caption\":\"Project Group Automation - Automazione industriale, Robotica e Service\"},\"image\":{\"@id\":\"https:\\\/\\\/pgautomation.eu\\\/#\\\/schema\\\/logo\\\/image\\\/\"},\"sameAs\":[\"https:\\\/\\\/www.facebook.com\\\/project.group.eu?ref=hl\",\"https:\\\/\\\/www.linkedin.com\\\/company\\\/project-group-srl?originalSubdomain=it\",\"https:\\\/\\\/www.youtube.com\\\/channel\\\/UCfURoiGenD_GXjnKbdPrpuQ\\\/videos\",\"https:\\\/\\\/www.instagram.com\\\/projectgroup_eu\\\/\"]}]}<\/script>\n<!-- \/ Yoast SEO plugin. -->","yoast_head_json":{"title":"Whistleblowing - Project Group Automation","robots":{"index":"index","follow":"follow","max-snippet":"max-snippet:-1","max-image-preview":"max-image-preview:large","max-video-preview":"max-video-preview:-1"},"canonical":"https:\/\/pgautomation.eu\/whistleblowing\/","og_locale":"de_DE","og_type":"article","og_title":"Whistleblowing - Project Group Automation","og_description":"[vc_row type=&#8220;full_width_content&#8220; full_screen_row_position=&#8220;middle&#8220; column_margin=&#8220;default&#8220; column_direction=&#8220;default&#8220; column_direction_tablet=&#8220;default&#8220; column_direction_phone=&#8220;default&#8220; bg_color=&#8220;#ffffff&#8220; scene_position=&#8220;center&#8220; text_color=&#8220;dark&#8220; text_align=&#8220;left&#8220; row_border_radius=&#8220;none&#8220; row_border_radius_applies=&#8220;bg&#8220; overflow=&#8220;visible&#8220; overlay_strength=&#8220;0.3&#8243; gradient_direction=&#8220;left_to_right&#8220; shape_divider_position=&#8220;bottom&#8220; bg_image_animation=&#8220;none&#8220; shape_type=&#8220;&#8220;][vc_column column_padding=&#8220;no-extra-padding&#8220; column_padding_tablet=&#8220;inherit&#8220; column_padding_phone=&#8220;inherit&#8220; column_padding_position=&#8220;all&#8220; column_element_direction_desktop=&#8220;default&#8220; column_element_spacing=&#8220;0px&#8220;...","og_url":"https:\/\/pgautomation.eu\/whistleblowing\/","og_site_name":"Project Group - Fotovoltaikanlagen, Industrieautomation, Robotik und Service","article_publisher":"https:\/\/www.facebook.com\/project.group.eu?ref=hl","article_modified_time":"2026-04-07T13:00:55+00:00","og_image":[{"width":720,"height":735,"url":"https:\/\/pgautomation.eu\/wp-content\/uploads\/2021\/08\/project-group-home.jpg","type":"image\/jpeg"}],"twitter_card":"summary_large_image","twitter_misc":{"Gesch\u00e4tzte Lesezeit":"4\u00a0Minuten"},"schema":{"@context":"https:\/\/schema.org","@graph":[{"@type":"WebPage","@id":"https:\/\/pgautomation.eu\/whistleblowing\/","url":"https:\/\/pgautomation.eu\/whistleblowing\/","name":"Whistleblowing - Project Group Automation","isPartOf":{"@id":"https:\/\/pgautomation.eu\/#website"},"datePublished":"2024-09-25T13:36:56+00:00","dateModified":"2026-04-07T13:00:55+00:00","breadcrumb":{"@id":"https:\/\/pgautomation.eu\/whistleblowing\/#breadcrumb"},"inLanguage":"de","potentialAction":[{"@type":"ReadAction","target":["https:\/\/pgautomation.eu\/whistleblowing\/"]}]},{"@type":"BreadcrumbList","@id":"https:\/\/pgautomation.eu\/whistleblowing\/#breadcrumb","itemListElement":[{"@type":"ListItem","position":1,"name":"Home","item":"https:\/\/pgautomation.eu\/de\/"},{"@type":"ListItem","position":2,"name":"Whistleblowing"}]},{"@type":"WebSite","@id":"https:\/\/pgautomation.eu\/#website","url":"https:\/\/pgautomation.eu\/","name":"Project Group Automation - Automazione industriale, Robotica e Service","description":"","publisher":{"@id":"https:\/\/pgautomation.eu\/#organization"},"potentialAction":[{"@type":"SearchAction","target":{"@type":"EntryPoint","urlTemplate":"https:\/\/pgautomation.eu\/?s={search_term_string}"},"query-input":{"@type":"PropertyValueSpecification","valueRequired":true,"valueName":"search_term_string"}}],"inLanguage":"de"},{"@type":"Organization","@id":"https:\/\/pgautomation.eu\/#organization","name":"Project Group Automation - Automazione industriale, Robotica e Service","url":"https:\/\/pgautomation.eu\/","logo":{"@type":"ImageObject","inLanguage":"de","@id":"https:\/\/pgautomation.eu\/#\/schema\/logo\/image\/","url":"https:\/\/pgautomation.eu\/wp-content\/uploads\/2026\/01\/project-group-automation.webp","contentUrl":"https:\/\/pgautomation.eu\/wp-content\/uploads\/2026\/01\/project-group-automation.webp","width":313,"height":85,"caption":"Project Group Automation - Automazione industriale, Robotica e Service"},"image":{"@id":"https:\/\/pgautomation.eu\/#\/schema\/logo\/image\/"},"sameAs":["https:\/\/www.facebook.com\/project.group.eu?ref=hl","https:\/\/www.linkedin.com\/company\/project-group-srl?originalSubdomain=it","https:\/\/www.youtube.com\/channel\/UCfURoiGenD_GXjnKbdPrpuQ\/videos","https:\/\/www.instagram.com\/projectgroup_eu\/"]}]}},"_links":{"self":[{"href":"https:\/\/pgautomation.eu\/de\/wp-json\/wp\/v2\/pages\/14333","targetHints":{"allow":["GET"]}}],"collection":[{"href":"https:\/\/pgautomation.eu\/de\/wp-json\/wp\/v2\/pages"}],"about":[{"href":"https:\/\/pgautomation.eu\/de\/wp-json\/wp\/v2\/types\/page"}],"author":[{"embeddable":true,"href":"https:\/\/pgautomation.eu\/de\/wp-json\/wp\/v2\/users\/1"}],"replies":[{"embeddable":true,"href":"https:\/\/pgautomation.eu\/de\/wp-json\/wp\/v2\/comments?post=14333"}],"version-history":[{"count":1,"href":"https:\/\/pgautomation.eu\/de\/wp-json\/wp\/v2\/pages\/14333\/revisions"}],"predecessor-version":[{"id":14334,"href":"https:\/\/pgautomation.eu\/de\/wp-json\/wp\/v2\/pages\/14333\/revisions\/14334"}],"wp:attachment":[{"href":"https:\/\/pgautomation.eu\/de\/wp-json\/wp\/v2\/media?parent=14333"}],"curies":[{"name":"wp","href":"https:\/\/api.w.org\/{rel}","templated":true}]}}